{"id":96,"date":"2022-07-29T15:53:23","date_gmt":"2022-07-29T13:53:23","guid":{"rendered":"https:\/\/else.arge.co\/wptest\/?page_id=96"},"modified":"2024-06-09T07:12:03","modified_gmt":"2024-06-09T05:12:03","slug":"projekt-1","status":"publish","type":"page","link":"https:\/\/else.arge.co\/wptest\/?page_id=96","title":{"rendered":"Ausstellung &#171;The Power of Mushrooms&#187;"},"content":{"rendered":"\n<figure class=\"wp-block-gallery has-nested-images columns-default is-cropped wp-block-gallery-1 is-layout-flex wp-block-gallery-is-layout-flex\">\n<figure class=\"wp-block-image size-large\"><img loading=\"lazy\" decoding=\"async\" width=\"1024\" height=\"683\" data-id=\"171\" src=\"https:\/\/else.arge.co\/wptest\/wp-content\/uploads\/2024\/06\/The_Power_of_Mushrooms-219206-1024x683.jpg\" alt=\"\" class=\"wp-image-171\" srcset=\"https:\/\/else.arge.co\/wptest\/wp-content\/uploads\/2024\/06\/The_Power_of_Mushrooms-219206-1024x683.jpg 1024w, https:\/\/else.arge.co\/wptest\/wp-content\/uploads\/2024\/06\/The_Power_of_Mushrooms-219206-300x200.jpg 300w, https:\/\/else.arge.co\/wptest\/wp-content\/uploads\/2024\/06\/The_Power_of_Mushrooms-219206-768x512.jpg 768w, https:\/\/else.arge.co\/wptest\/wp-content\/uploads\/2024\/06\/The_Power_of_Mushrooms-219206-1536x1024.jpg 1536w, https:\/\/else.arge.co\/wptest\/wp-content\/uploads\/2024\/06\/The_Power_of_Mushrooms-219206-2048x1365.jpg 2048w, https:\/\/else.arge.co\/wptest\/wp-content\/uploads\/2024\/06\/The_Power_of_Mushrooms-219206-1568x1045.jpg 1568w\" sizes=\"auto, (max-width: 1024px) 100vw, 1024px\" \/><\/figure>\n\n\n\n<figure class=\"wp-block-image size-large\"><img loading=\"lazy\" decoding=\"async\" width=\"1024\" height=\"683\" data-id=\"153\" src=\"https:\/\/else.arge.co\/wptest\/wp-content\/uploads\/2024\/06\/The_Power_of_Mushrooms-219226-1024x683.jpg\" alt=\"\" class=\"wp-image-153\" srcset=\"https:\/\/else.arge.co\/wptest\/wp-content\/uploads\/2024\/06\/The_Power_of_Mushrooms-219226-1024x683.jpg 1024w, https:\/\/else.arge.co\/wptest\/wp-content\/uploads\/2024\/06\/The_Power_of_Mushrooms-219226-300x200.jpg 300w, https:\/\/else.arge.co\/wptest\/wp-content\/uploads\/2024\/06\/The_Power_of_Mushrooms-219226-768x512.jpg 768w, https:\/\/else.arge.co\/wptest\/wp-content\/uploads\/2024\/06\/The_Power_of_Mushrooms-219226-1536x1024.jpg 1536w, https:\/\/else.arge.co\/wptest\/wp-content\/uploads\/2024\/06\/The_Power_of_Mushrooms-219226-2048x1365.jpg 2048w, https:\/\/else.arge.co\/wptest\/wp-content\/uploads\/2024\/06\/The_Power_of_Mushrooms-219226-1568x1045.jpg 1568w\" sizes=\"auto, (max-width: 1024px) 100vw, 1024px\" \/><\/figure>\n<\/figure>\n\n\n\n<figure class=\"wp-block-image size-large\"><img loading=\"lazy\" decoding=\"async\" width=\"1024\" height=\"480\" src=\"https:\/\/else.arge.co\/wptest\/wp-content\/uploads\/2024\/06\/The_Power_of_Mushrooms-219259-1024x480.jpg\" alt=\"\" class=\"wp-image-174\" srcset=\"https:\/\/else.arge.co\/wptest\/wp-content\/uploads\/2024\/06\/The_Power_of_Mushrooms-219259-1024x480.jpg 1024w, https:\/\/else.arge.co\/wptest\/wp-content\/uploads\/2024\/06\/The_Power_of_Mushrooms-219259-300x141.jpg 300w, https:\/\/else.arge.co\/wptest\/wp-content\/uploads\/2024\/06\/The_Power_of_Mushrooms-219259-768x360.jpg 768w, https:\/\/else.arge.co\/wptest\/wp-content\/uploads\/2024\/06\/The_Power_of_Mushrooms-219259-1536x720.jpg 1536w, https:\/\/else.arge.co\/wptest\/wp-content\/uploads\/2024\/06\/The_Power_of_Mushrooms-219259-2048x960.jpg 2048w, https:\/\/else.arge.co\/wptest\/wp-content\/uploads\/2024\/06\/The_Power_of_Mushrooms-219259-1568x735.jpg 1568w\" sizes=\"auto, (max-width: 1024px) 100vw, 1024px\" \/><\/figure>\n\n\n\n<figure class=\"wp-block-image size-large\"><img loading=\"lazy\" decoding=\"async\" width=\"683\" height=\"1024\" src=\"https:\/\/else.arge.co\/wptest\/wp-content\/uploads\/2024\/06\/The_Power_of_Mushrooms-219275-683x1024.jpg\" alt=\"\" class=\"wp-image-175\" srcset=\"https:\/\/else.arge.co\/wptest\/wp-content\/uploads\/2024\/06\/The_Power_of_Mushrooms-219275-683x1024.jpg 683w, https:\/\/else.arge.co\/wptest\/wp-content\/uploads\/2024\/06\/The_Power_of_Mushrooms-219275-200x300.jpg 200w, https:\/\/else.arge.co\/wptest\/wp-content\/uploads\/2024\/06\/The_Power_of_Mushrooms-219275-768x1152.jpg 768w, https:\/\/else.arge.co\/wptest\/wp-content\/uploads\/2024\/06\/The_Power_of_Mushrooms-219275-1024x1536.jpg 1024w, https:\/\/else.arge.co\/wptest\/wp-content\/uploads\/2024\/06\/The_Power_of_Mushrooms-219275-1365x2048.jpg 1365w, https:\/\/else.arge.co\/wptest\/wp-content\/uploads\/2024\/06\/The_Power_of_Mushrooms-219275-1568x2352.jpg 1568w, https:\/\/else.arge.co\/wptest\/wp-content\/uploads\/2024\/06\/The_Power_of_Mushrooms-219275-scaled.jpg 1706w\" sizes=\"auto, (max-width: 683px) 100vw, 683px\" \/><figcaption class=\"wp-element-caption\">Die Wandelemente wurden an speziell entworfenen Schienensystem aufgeh\u00e4ngt und festgegurtet, um die Bausubstanz minimal zu schaden. Foto: Nelly Rodriguez<\/figcaption><\/figure>\n\n\n\n<figure class=\"wp-block-image size-large\"><img loading=\"lazy\" decoding=\"async\" width=\"1024\" height=\"683\" src=\"https:\/\/else.arge.co\/wptest\/wp-content\/uploads\/2024\/06\/The_Power_of_Mushrooms-219335-1024x683.jpg\" alt=\"\" class=\"wp-image-169\" srcset=\"https:\/\/else.arge.co\/wptest\/wp-content\/uploads\/2024\/06\/The_Power_of_Mushrooms-219335-1024x683.jpg 1024w, https:\/\/else.arge.co\/wptest\/wp-content\/uploads\/2024\/06\/The_Power_of_Mushrooms-219335-300x200.jpg 300w, https:\/\/else.arge.co\/wptest\/wp-content\/uploads\/2024\/06\/The_Power_of_Mushrooms-219335-768x512.jpg 768w, https:\/\/else.arge.co\/wptest\/wp-content\/uploads\/2024\/06\/The_Power_of_Mushrooms-219335-1536x1024.jpg 1536w, https:\/\/else.arge.co\/wptest\/wp-content\/uploads\/2024\/06\/The_Power_of_Mushrooms-219335-2048x1365.jpg 2048w, https:\/\/else.arge.co\/wptest\/wp-content\/uploads\/2024\/06\/The_Power_of_Mushrooms-219335-1568x1045.jpg 1568w\" sizes=\"auto, (max-width: 1024px) 100vw, 1024px\" \/><\/figure>\n\n\n\n<figure class=\"wp-block-image size-large\"><img loading=\"lazy\" decoding=\"async\" width=\"1024\" height=\"683\" src=\"https:\/\/else.arge.co\/wptest\/wp-content\/uploads\/2024\/06\/The_Power_of_Mushrooms-219355-1024x683.jpg\" alt=\"\" class=\"wp-image-172\" srcset=\"https:\/\/else.arge.co\/wptest\/wp-content\/uploads\/2024\/06\/The_Power_of_Mushrooms-219355-1024x683.jpg 1024w, https:\/\/else.arge.co\/wptest\/wp-content\/uploads\/2024\/06\/The_Power_of_Mushrooms-219355-300x200.jpg 300w, https:\/\/else.arge.co\/wptest\/wp-content\/uploads\/2024\/06\/The_Power_of_Mushrooms-219355-768x512.jpg 768w, https:\/\/else.arge.co\/wptest\/wp-content\/uploads\/2024\/06\/The_Power_of_Mushrooms-219355-1536x1024.jpg 1536w, https:\/\/else.arge.co\/wptest\/wp-content\/uploads\/2024\/06\/The_Power_of_Mushrooms-219355-2048x1365.jpg 2048w, https:\/\/else.arge.co\/wptest\/wp-content\/uploads\/2024\/06\/The_Power_of_Mushrooms-219355-1568x1045.jpg 1568w\" sizes=\"auto, (max-width: 1024px) 100vw, 1024px\" \/><\/figure>\n\n\n\n<figure class=\"wp-block-image size-large\"><img loading=\"lazy\" decoding=\"async\" width=\"1024\" height=\"683\" src=\"https:\/\/else.arge.co\/wptest\/wp-content\/uploads\/2024\/06\/The_Power_of_Mushrooms-219369-1024x683.jpg\" alt=\"\" class=\"wp-image-170\" srcset=\"https:\/\/else.arge.co\/wptest\/wp-content\/uploads\/2024\/06\/The_Power_of_Mushrooms-219369-1024x683.jpg 1024w, https:\/\/else.arge.co\/wptest\/wp-content\/uploads\/2024\/06\/The_Power_of_Mushrooms-219369-300x200.jpg 300w, https:\/\/else.arge.co\/wptest\/wp-content\/uploads\/2024\/06\/The_Power_of_Mushrooms-219369-768x512.jpg 768w, https:\/\/else.arge.co\/wptest\/wp-content\/uploads\/2024\/06\/The_Power_of_Mushrooms-219369-1536x1024.jpg 1536w, https:\/\/else.arge.co\/wptest\/wp-content\/uploads\/2024\/06\/The_Power_of_Mushrooms-219369-2048x1365.jpg 2048w, https:\/\/else.arge.co\/wptest\/wp-content\/uploads\/2024\/06\/The_Power_of_Mushrooms-219369-1568x1045.jpg 1568w\" sizes=\"auto, (max-width: 1024px) 100vw, 1024px\" \/><\/figure>\n\n\n\n<figure class=\"wp-block-gallery has-nested-images columns-default is-cropped wp-block-gallery-2 is-layout-flex wp-block-gallery-is-layout-flex\"><\/figure>\n\n\n\n<figure class=\"wp-block-image size-large\"><img loading=\"lazy\" decoding=\"async\" width=\"1024\" height=\"683\" src=\"https:\/\/else.arge.co\/wptest\/wp-content\/uploads\/2024\/06\/The_Power_of_Mushrooms-219317-1024x683.jpg\" alt=\"\" class=\"wp-image-168\" srcset=\"https:\/\/else.arge.co\/wptest\/wp-content\/uploads\/2024\/06\/The_Power_of_Mushrooms-219317-1024x683.jpg 1024w, https:\/\/else.arge.co\/wptest\/wp-content\/uploads\/2024\/06\/The_Power_of_Mushrooms-219317-300x200.jpg 300w, https:\/\/else.arge.co\/wptest\/wp-content\/uploads\/2024\/06\/The_Power_of_Mushrooms-219317-768x512.jpg 768w, https:\/\/else.arge.co\/wptest\/wp-content\/uploads\/2024\/06\/The_Power_of_Mushrooms-219317-1536x1024.jpg 1536w, https:\/\/else.arge.co\/wptest\/wp-content\/uploads\/2024\/06\/The_Power_of_Mushrooms-219317-2048x1365.jpg 2048w, https:\/\/else.arge.co\/wptest\/wp-content\/uploads\/2024\/06\/The_Power_of_Mushrooms-219317-1568x1045.jpg 1568w\" sizes=\"auto, (max-width: 1024px) 100vw, 1024px\" \/><\/figure>\n\n\n\n<p>Dear Visitor,<\/p>\n\n\n\n<p>This exhibition is dedicated to a small, aluminium-clad pavilion, built by the Swiss architect Berta Rahm for the Saffa 58 and the powerful collective action that it has attracted. Prior to being placed in the gta exhibition space, the pavilion was located on the grounds of a mushroom farm outside Zurich. Its aged and slightly dilapidated state is the result of the dissipation of its utility and importance over the decades, the exhibition celebrating its saving from imminent demolition in spring of 2020.<\/p>\n\n\n\n<p>The cantonal civic-monuments commission luckily ascertained that the aluminum-clad pavilion was a rare project by Berta Rahm, prompting them to alert the SNSF Saffa1958 research group who had started investigations into the Saffa 58 exhibition (Schweizerische Ausstellung f\u00fcr Frauenarbeit 1958-the Swiss Woman&#8217;s Work Exhibition 1958), hitherto a blind spot in the history of Swiss art and architecture. The committed female researchers initiated a rescue operation, thus thankfully saving the pavilion and its history from oblivion. <\/p>\n\n\n\n<p>In order to gather the necessary expertise and workforce to accomplish the task, the researchers activated their network to reach out to architects and monument conservationists, resulting in the foundation of the ProSaffa1958-Pavillon Association, with the remit to rescue, secure, and rebuild the pavilion in a central and public location. To their initial dismay, the beginning of the operation coincided with the national lockdown in response to the spread of Covid-19 in Switzerland, but nevertheless was successfully concluded despite the constraints. <\/p>\n\n\n\n<p>Thanks to voluntary work, generous donations, and widespread support, the pavilion was successfully dismantled and brought to storage near Basel in just two months. Despite, or indeed because of its near-scrape with destruction, it happily embodies a sense of collective endeavor and hopes for the future\u2014 a future in which women architects are an integral and inherent part of the stories that are told and re-told. <\/p>\n\n\n\n<p>The exhibition is correspondingly dedicated to exploring the diverse range of themes, stories, and actors revolving around the pavilion, all of them more entangled and far-reaching than first meets the eye. We exhibit the pavilion in fragments, both re- and disassembled, in order to underline its current state of transition between storage and the potential of being rebuilt. In so doing, the inserted, fragmented pavilion creates new spaces within an exhibition area, forming a locus that will be used throughout the year for education, discourse, and restoration. <\/p>\n\n\n\n<p>Departing from the materiality of the pavilion itself, a series of exhibition stages and events structured around overarching topics will take place throughout the year with the intention to engage and involve the community at the ETH&#8217;s Department of Architecture, and beyond, in a journey that unfolds from within the life and work of Berta Rahm, a woman fighting for her voice in the architectural field, extending to include the feminist engagement that evolved around the saving of the pavilion, akin, intentionally, to a fungi mycelium.<br><\/p>\n\n\n\n<p>Your exhibition team, Milena Buchwalder, Sonja Flury, Dorothee Hahn, and Larissa M\u00fcllner, on behalf of the ProSaffa1958-Pavillon Association<\/p>\n\n\n\n<p><em>Auszug aus der Ausstellungsbrosh\u00fcre<\/em> <\/p>\n\n\n\n<p><em>Die Ausstellung war vom 9. M\u00e4rz &#8211; 10. Dezember 2021 im Raum der gta Ausstellungen an der ETH Z\u00fcrich auf dem H\u00f6nggerberg zu sehen.<\/em> Sie wurde <em>kuratiert von Milena Buchwalder, Sonja Flury, Dorothee Hahn und Larissa M\u00fcllner im Namen des Vereins ProSaffa1958-Pavillon; in Zusammenarbeit mit den Direktoren der gta Ausstellungen Fredi Fischli und Niels Olsen<\/em>.<\/p>\n\n\n\n<p><em>gta exhibitions team: Sabine Sarwa, Daniel Sommer, Lisa Boos<br>Proofreading: Thomas Skelton-Robinson, Stephen Yiavasis<br>Grafik Design: Teo Schifferli<br>Realization of exhibition: Tobias Metzger, Hannes Jedele, Flora B\u00fchlmann, Caspar Bultmann Simona Mele, Jeremy Waterfield, Nathalia Hofmann<\/em><\/p>\n\n\n\n<p><em>Fotos Ausstellung: Nelly Rodriguez<\/em> <\/p>\n\n\n\n<p><em>Fotos Events: Jana Jenarin, Simona Mele<\/em><\/p>\n\n\n\n<p><a href=\"https:\/\/www.ausstellungen.gta.arch.ethz.ch\/de\/exhibitions\/the-power-of-mushrooms\">https:\/\/www.ausstellungen.gta.arch.ethz.ch\/de\/exhibitions\/the-power-of-mushrooms<\/a><\/p>\n\n\n\n<p><a href=\"https:\/\/www.baunetz.de\/meldungen\/Meldungen-Ausstellung_in_Zuerich_7551896.html\">https:\/\/www.baunetz.de\/meldungen\/Meldungen-Ausstellung_in_Zuerich_7551896.html<\/a><\/p>\n\n\n\n<p><a href=\"https:\/\/www.kunsthallezurich.ch\/de\/akademie\/5103-reading-ramistrasse-44-gabriela-burkhalter-zu-the-power-of-mushrooms-berta-rahm-s-pavilion-for-the-saffa-58\">https:\/\/www.kunsthallezurich.ch\/de\/akademie\/5103-reading-ramistrasse-44-gabriela-burkhalter-zu-the-power-of-mushrooms-berta-rahm-s-pavilion-for-the-saffa-58<\/a><\/p>\n","protected":false},"excerpt":{"rendered":"<p>Dear Visitor, This exhibition is dedicated to a small, aluminium-clad pavilion, built by the Swiss architect Berta Rahm for the Saffa 58 and the powerful collective action that it has attracted. Prior to being placed in the gta exhibition space, the pavilion was located on the grounds of a mushroom farm outside Zurich. Its aged&hellip; <a class=\"more-link\" href=\"https:\/\/else.arge.co\/wptest\/?page_id=96\">Continue reading <span class=\"screen-reader-text\">Ausstellung &#171;The Power of Mushrooms&#187;<\/span><\/a><\/p>\n","protected":false},"author":1,"featured_media":0,"parent":0,"menu_order":0,"comment_status":"closed","ping_status":"closed","template":"","meta":{"footnotes":""},"class_list":["post-96","page","type-page","status-publish","hentry","entry"],"_links":{"self":[{"href":"https:\/\/else.arge.co\/wptest\/index.php?rest_route=\/wp\/v2\/pages\/96","targetHints":{"allow":["GET"]}}],"collection":[{"href":"https:\/\/else.arge.co\/wptest\/index.php?rest_route=\/wp\/v2\/pages"}],"about":[{"href":"https:\/\/else.arge.co\/wptest\/index.php?rest_route=\/wp\/v2\/types\/page"}],"author":[{"embeddable":true,"href":"https:\/\/else.arge.co\/wptest\/index.php?rest_route=\/wp\/v2\/users\/1"}],"replies":[{"embeddable":true,"href":"https:\/\/else.arge.co\/wptest\/index.php?rest_route=%2Fwp%2Fv2%2Fcomments&post=96"}],"version-history":[{"count":14,"href":"https:\/\/else.arge.co\/wptest\/index.php?rest_route=\/wp\/v2\/pages\/96\/revisions"}],"predecessor-version":[{"id":177,"href":"https:\/\/else.arge.co\/wptest\/index.php?rest_route=\/wp\/v2\/pages\/96\/revisions\/177"}],"wp:attachment":[{"href":"https:\/\/else.arge.co\/wptest\/index.php?rest_route=%2Fwp%2Fv2%2Fmedia&parent=96"}],"curies":[{"name":"wp","href":"https:\/\/api.w.org\/{rel}","templated":true}]}}